{"id":2436,"date":"2021-06-17T19:55:54","date_gmt":"2021-06-17T17:55:54","guid":{"rendered":"https:\/\/stiftung-kkk-vg.de\/?page_id=2436"},"modified":"2021-12-15T15:12:33","modified_gmt":"2021-12-15T14:12:33","slug":"konkrete-matrix","status":"publish","type":"page","link":"https:\/\/stiftung-kkk-vg.de\/?page_id=2436","title":{"rendered":"Express-\u00dcbersicht"},"content":{"rendered":"<p>[et_pb_section fb_built=&#8220;1&#8243; _builder_version=&#8220;3.26.6&#8243; background_color=&#8220;#07a1e2&#8243; custom_margin=&#8220;0px||0px||false|false&#8220; custom_padding=&#8220;0px||0px||false|false&#8220;][et_pb_row column_structure=&#8220;1_2,1_2&#8243; _builder_version=&#8220;3.26.6&#8243; width=&#8220;100%&#8220; max_width=&#8220;100%&#8220; custom_margin=&#8220;0px||0px||false|false&#8220; custom_padding=&#8220;0px||0px||false|false&#8220;][et_pb_column type=&#8220;1_2&#8243; _builder_version=&#8220;3.26.6&#8243;][et_pb_image src=&#8220;https:\/\/stiftung-kkk-vg.de\/wp-content\/uploads\/2020\/08\/4-doesburg-1929-simultane-gegenkomposition.jpg&#8220; _builder_version=&#8220;3.26.6&#8243; width_tablet=&#8220;100%&#8220; width_last_edited=&#8220;on|desktop&#8220; module_alignment=&#8220;left&#8220; height=&#8220;768px&#8220; height_last_edited=&#8220;on|desktop&#8220; custom_margin=&#8220;0px|0px|0px||false|false&#8220; custom_padding=&#8220;0px|0px|0px||false|false&#8220;][\/et_pb_image][et_pb_text _builder_version=&#8220;3.26.6&#8243; text_font_size=&#8220;12px&#8220;]<\/p>\n<p><span style=\"color: #ffffff;\">Theo van Doesburg Simultane Gegenkomposition 1929<\/span><\/p>\n<p>[\/et_pb_text][\/et_pb_column][et_pb_column type=&#8220;1_2&#8243; _builder_version=&#8220;3.26.6&#8243; custom_padding=&#8220;55px|20px|20px|20px|false|false&#8220;][et_pb_text _builder_version=&#8220;3.26.6&#8243; width=&#8220;100%&#8220; module_alignment=&#8220;left&#8220; custom_margin=&#8220;0px||30px||false|false&#8220; custom_padding=&#8220;|2px||||&#8220;]<\/p>\n<h1><strong><span style=\"color: #ffffff;\">Express-\u00dcbersicht<\/span><\/strong><\/h1>\n<h1><strong><span style=\"color: #ffffff;\">\u00a0<\/span><\/strong><\/h1>\n<p>[\/et_pb_text][et_pb_text _builder_version=&#8220;3.26.6&#8243; text_line_height=&#8220;1.5em&#8220; width=&#8220;100%&#8220; module_alignment=&#8220;left&#8220; custom_margin=&#8220;0px|161px|||false|false&#8220; custom_padding=&#8220;|2px||||&#8220;]<\/p>\n<p><span style=\"color: #ffffff;\">Neben Informationen zur \u201eVG-Stiftung\u201c gibt es hier f\u00fcr den schnellen Leser eine erste Information zur konkret-konstruktiven Kunst sowie zur Gliederung von VG\u2019s Oeuvre im Kontext der Avantgarden seiner Zeit \u00fcber eine Pr\u00e4sentations-Matrix.<\/span><\/p>\n<p><span style=\"color: #ffffff;\">Angelegt als dokumentarisches System informiert sie aus <strong>vertikaler<\/strong> <strong>Sicht<\/strong> \u00fcber relevante Bez\u00fcge zu zeitgen\u00f6ssischen Avantgarden und aus <strong>horizontale<\/strong>r <strong>Sicht <\/strong>durch gleiche Gliederung \u00fcber vergleichbare Entwicklungen<\/span><\/p>\n<p>[\/et_pb_text][\/et_pb_column][\/et_pb_row][\/et_pb_section][et_pb_section fb_built=&#8220;1&#8243; _builder_version=&#8220;3.26.6&#8243; min_height=&#8220;472px&#8220; custom_padding=&#8220;55px||0px|||&#8220;][et_pb_row _builder_version=&#8220;3.26.6&#8243; width=&#8220;100%&#8220; custom_margin=&#8220;|auto||auto|false|false&#8220; custom_padding=&#8220;4px|30px|0px|30px|false|false&#8220;][et_pb_column type=&#8220;4_4&#8243; _builder_version=&#8220;3.26.6&#8243;][et_pb_text _builder_version=&#8220;3.26.6&#8243;]<\/p>\n<p style=\"text-align: left;\"><span style=\"font-size: medium;\"><strong><span style=\"color: #07a1e2;\">Konkret-konstruktive Kunst &#8211; was ist das?\u00a0<\/span><\/strong><\/span><\/p>\n<p style=\"text-align: left;\"><span style=\"font-size: medium;\"><em><span class=\"tm6\" style=\"color: #07a1e2;\">Kennzeichnend f\u00fcr die Tradition der Kunst bis zum Ende des 19.Jahrhunderts war ein zentrales Merkmal: die Nachahmung von Natur (Gegenst\u00e4nde, Menschen, Landschaften, etc.) im Sinne des sogenannten mimetischen Prinzips mit den Mitteln von Formen und Farben. Die dadurch entstandenen Werke \u2013 z.B. das Bild einer Person, einer Landschaft \u2013 waren gegen\u00fcber der realen Welt immer ein unterschiedlich erkennbares Ab-Bild, ein abgeleitetes und damit letztlich abstraktes Werk gegen\u00fcber der Realit\u00e4t. <\/span><\/em><\/span><\/p>\n<p class=\"Normal tm5\" style=\"text-align: left;\"><span style=\"font-size: medium;\"><em><span class=\"tm6\" style=\"color: #07a1e2;\">Im Unterschied zu diesem Jahrhunderte altem Selbstverst\u00e4ndnis von Kunst, bildeten sich im \u00dcbergang zum 20. Jahrhundert im Kontext gravierender Ver\u00e4nderungen in den Naturwissenschaften (Physik, Biologie, Medizin etc.), der Technik (Fotoapparat, Auto, Flugzeug etc.) und Gesellschaft (Parteien, soziale Bewegungen etc.) in mehren L\u00e4ndern Europas zeitgleich auch neue Vorstellungen zu Aufgabe und Ziel der Kunst heraus. \u201eOhne uns zu kennen, hatten wir dem gleichen Ziel entgegengearbeitet [&#8230;] Es war ein Aufbrechen von allen Farben und Formen der Welt. Diese Malereien, diese Bildhauerarbeiten \u2013 diese Dinge &#8211; enthielten keine konventionellen Elemente mehr. In allen L\u00e4ndern entstanden J\u00fcnger dieser neuen Kunst. Die konkrete Kunst beeinflusste Architektur, Gegenstand, Film, Typographie\u201c (Arp 1915) stellt Hans Arp schon fr\u00fch fest.<\/span><\/em><\/span><\/p>\n<p class=\"Normal tm5\" style=\"text-align: left;\"><span style=\"font-size: medium;\"><em><span class=\"tm6\" style=\"color: #07a1e2;\">Diese neue Kunst sollte nicht mehr die Welt nur bedeutungsvoll abbilden, sondern selbst, mit eigenen Mitteln, zur Erkenntnis von Welt beitragen. Woraus folgte: Eine solche Kunst musste ein autonom gestaltetes Ausdrucksmittel, so etwas wie eine eigene \u201eSprache\u201c entwickeln, um zum eigenst\u00e4ndigen Tr\u00e4ger von visuellen Darstellungen geistiger Zusammenh\u00e4nge werden zu k\u00f6nnen. Mit Blick auf das Vorbild der Musik galt es, kleinste Elemente des k\u00fcnstlerischen Ausdrucks, gleichsam ein \u201eAlphabet\u201c und eine \u201eGrammatik\u201c zu entwickeln. Aus minimalistischer Sicht sind dies vor allem Form, Farbe, Fl\u00e4che, Licht und Bewegung mit basalen Einheiten wie Kreis, Quadrat, Dreieck, Linie, Kugel, W\u00fcrfel, Kegel, die Prim\u00e4rfarben gelb, rot, blau oder der Rhythmus sowie ein Ordnungs-System, das nicht von der Natur abgeleitet wird, sondern geistigen (logischen) Prinzipien entspricht wie z.B. die Mathematik bzw. die Geometrie. <\/span><\/em><\/span><\/p>\n<p class=\"Normal tm5\" style=\"text-align: left;\"><span style=\"font-size: medium;\"><em><span class=\"tm6\" style=\"color: #07a1e2;\">Findet auf dieser Basis eine k\u00fcnstlerische Gestaltung statt, dann ist das Oeuvre \u2013 im Gegensatz zur nachahmenden, mimetischen Kunst und im Widerspruch zu unserem Alltagsverst\u00e4ndnis \u2013 nicht abstrakt, sondern \u201ekonkret\u201c, \u201edenn nichts (ist) konkreter, nichts [\u2026] als eine Linie, eine Farbe, eine Fl\u00e4che\u201c wie van Doesburg betont, denn \u201eeine Fl\u00e4che [\u2026] ist eine Fl\u00e4che, eine Linie eine Linie, nichts mehr und nichts weniger\u201c. (Manifest 1930) Und f\u00fcr Camille Graeser bedeutete konkrete Kunst die \u201eAusschaltung alles Unbewussten, bauen, konstruieren und entwickeln von Rhythmen auf geometrischer Grundlage, ein logisches Schaffen von Kunstwerken, die Eigengesetzlichkeit haben, bei dem das Spiel mit Ma\u00df und Wert von Farbe, Form und Linie\u201c (Koella u.a. 1995, S. 81) die Arbeit bestimmen.<\/span><\/em><\/span><\/p>\n<p class=\"Normal tm5\" style=\"text-align: left;\"><span style=\"font-size: medium;\"><em><span class=\"tm6\" style=\"color: #07a1e2;\">Mit diesem neuen Verst\u00e4ndnis verbanden viele Vertreter auch den Anspruch, durch Kunst zu einer gesellschaftlichen Ver\u00e4nderung beitragen zu k\u00f6nnen. Neben dem schon vorher mit Bezug auf die russischen Vertreter (Malewitsch, El Lissitzky u.a.) benutzten Begriff \u201ekonstruktiv\u201c, fand der Begriff \u201ekonkret\u201c, bei unterschiedlicher Akzentsetzung bzw. Abgrenzung, Anwendung f\u00fcr die Kennzeichnung der neuen, individuell divergierenden Kunstauffassung. Die \u00dcberschrift dieses Portals ist daher eher eine Sammelbezeichnung als eine spezifische Konzeptbezeichnung. <\/span><\/em><\/span><\/p>\n<p>[\/et_pb_text][et_pb_text _builder_version=&#8220;3.26.6&#8243; width=&#8220;100%&#8220;]<\/p>\n<p><span style=\"font-size: medium; color: #07a1e2;\"><strong>Pr\u00e4sentations-Matrix<\/strong><\/span><\/p>\n<p><span style=\"font-size: medium;\"><em><span style=\"color: #07a1e2;\">Die Darstellung zum Oeuvre Vordemberge-Gildewarts im Kontext konkret-konstruktiver Kunst ist als Matrix angelegt, die aus vertikaler und horizontaler Sicht gelesen werden kann.<\/span><\/em><\/span><\/p>\n<p><span class=\"tm6\"><\/span><\/p>\n<p>[\/et_pb_text][\/et_pb_column][\/et_pb_row][\/et_pb_section][et_pb_section fb_built=&#8220;1&#8243; _builder_version=&#8220;3.26.6&#8243; custom_padding=&#8220;0px||0px|||&#8220;][et_pb_row _builder_version=&#8220;3.26.6&#8243; width=&#8220;100%&#8220; custom_padding=&#8220;1px||0px|||&#8220;][et_pb_column type=&#8220;4_4&#8243; _builder_version=&#8220;3.26.6&#8243;][et_pb_text _builder_version=&#8220;3.26.6&#8243; border_radii=&#8220;on|1px|1px|1px|1px&#8220; border_width_all=&#8220;1px&#8220; box_shadow_style=&#8220;preset1&#8243; custom_margin=&#8220;||-2px|||&#8220; custom_padding=&#8220;1px|1px|1px|1px|false|false&#8220; custom_css_main_element=&#8220;overflow-x: auto;&#8220;]<\/p>\n<table style=\"width: 956px;\" height=\"359\">\n<tbody>\n<tr>\n<td style=\"width: 357.046875px;\"><\/td>\n<td style=\"width: 184.078125px; text-align: center;\"><span style=\"color: #808080;\"><a href=\"http:\/\/comlot.de\/demo\/cms\/wordpress\/vg-initiative_2\/vg-oeuvre\/\" style=\"color: #808080;\">VG<\/a><\/span><\/td>\n<td style=\"width: 174.421875px; text-align: center;\"><span style=\"color: #808080;\"><a href=\"http:\/\/comlot.de\/demo\/cms\/wordpress\/vg-initiative_2\/kontext\/\" style=\"color: #808080;\">De Stijl<\/a><\/span><\/td>\n<td style=\"width: 239.484375px; text-align: center;\"><span style=\"color: #808080;\"><a href=\"http:\/\/comlot.de\/demo\/cms\/wordpress\/vg-initiative_2\/zuercher-konkrete\/\" style=\"color: #808080;\">Z\u00fcrcher Konkrete<\/a><\/span><\/td>\n<\/tr>\n<tr>\n<td style=\"width: 357.046875px;\"><span style=\"color: #808080;\">Steckbrief<\/span><\/td>\n<td style=\"width: 184.078125px; text-align: center;\"><a href=\"https:\/\/stiftung-kkk-vg.de\/?page_id=1616#Oeuvre1\" title=\"yyy\">xxx<\/a><\/td>\n<td style=\"width: 174.421875px; text-align: center;\"><a href=\"https:\/\/stiftung-kkk-vg.de\/?page_id=1751#DeSt1\">xxx<\/a><\/td>\n<td style=\"width: 239.484375px; text-align: center;\"><a href=\"https:\/\/stiftung-kkk-vg.de\/?page_id=2098#ZK1\">xxx<\/a><\/td>\n<\/tr>\n<tr>\n<td style=\"width: 357.046875px;\"><span style=\"color: #808080;\">Ziele und Perspektiven<\/span><\/td>\n<td style=\"width: 184.078125px; text-align: center;\"><a href=\"https:\/\/stiftung-kkk-vg.de\/?page_id=1616#Oeuvre2\">xxx<\/a><\/td>\n<td style=\"width: 174.421875px; text-align: center;\"><a href=\"https:\/\/stiftung-kkk-vg.de\/?page_id=1751#DeSt2\">xxx<\/a><\/td>\n<td style=\"width: 239.484375px; text-align: center;\"><a href=\"https:\/\/stiftung-kkk-vg.de\/?page_id=2098#ZK2\">xxx<\/a><\/td>\n<\/tr>\n<tr>\n<td style=\"width: 357.046875px;\"><span style=\"color: #808080;\">Legitimation u. ges. Bezug<\/span><\/td>\n<td style=\"width: 184.078125px; text-align: center;\"><a href=\"https:\/\/stiftung-kkk-vg.de\/?page_id=1616#Oeuvre3\">xxx<\/a><\/td>\n<td style=\"width: 174.421875px; text-align: center;\"><a href=\"https:\/\/stiftung-kkk-vg.de\/?page_id=1751#DeSt3\">xxx<\/a><\/td>\n<td style=\"width: 239.484375px; text-align: center;\"><a href=\"https:\/\/stiftung-kkk-vg.de\/?page_id=2098#ZK3\">xxx<\/a><\/td>\n<\/tr>\n<tr>\n<td style=\"width: 357.046875px;\"><span style=\"color: #808080;\">Architektur u. Baugestaltung<\/span><\/td>\n<td style=\"width: 184.078125px; text-align: center;\"><a href=\"https:\/\/stiftung-kkk-vg.de\/?page_id=1616#Oeuvre4\">xxx<\/a><\/td>\n<td style=\"width: 174.421875px; text-align: center;\"><a href=\"https:\/\/stiftung-kkk-vg.de\/?page_id=1751#DeSt4\">xxx<\/a><\/td>\n<td style=\"width: 239.484375px; text-align: center;\"><a href=\"https:\/\/stiftung-kkk-vg.de\/?page_id=2098#ZK4\">xxx<\/a><\/td>\n<\/tr>\n<tr>\n<td style=\"width: 357.046875px;\"><span style=\"color: #808080;\">Handwerk u. Raumgestaltung<\/span><\/td>\n<td style=\"width: 184.078125px; text-align: center;\"><a href=\"https:\/\/stiftung-kkk-vg.de\/?page_id=1616#Oeuvre5\">xxx<\/a><\/td>\n<td style=\"width: 174.421875px; text-align: center;\"><a href=\"https:\/\/stiftung-kkk-vg.de\/?page_id=1751#DeSt5\">xxx<\/a><\/td>\n<td style=\"width: 239.484375px; text-align: center;\"><a href=\"https:\/\/stiftung-kkk-vg.de\/?page_id=2098#ZK5\">xxx<\/a><\/td>\n<\/tr>\n<tr>\n<td style=\"width: 357.046875px;\"><span style=\"color: #808080;\">Technik, Film u. Foto<\/span><\/td>\n<td style=\"width: 184.078125px; text-align: center;\"><a href=\"https:\/\/stiftung-kkk-vg.de\/?page_id=1616#Oeuvre6\">xxx<\/a><\/td>\n<td style=\"width: 174.421875px; text-align: center;\"><a href=\"https:\/\/stiftung-kkk-vg.de\/?page_id=1751#DeSt6\">xxx<\/a><\/td>\n<td style=\"width: 239.484375px; text-align: center;\"><a href=\"https:\/\/stiftung-kkk-vg.de\/?page_id=2098#ZK6\">xxx<\/a><\/td>\n<\/tr>\n<tr>\n<td style=\"width: 357.046875px;\"><span style=\"color: #808080;\">Sprache u. Literatur<\/span><\/td>\n<td style=\"width: 184.078125px; text-align: center;\"><a href=\"https:\/\/stiftung-kkk-vg.de\/?page_id=1616#Oeuvre7\">xxx<\/a><\/td>\n<td style=\"width: 174.421875px; text-align: center;\"><a href=\"https:\/\/stiftung-kkk-vg.de\/?page_id=1751#DeSt7\">xxx<\/a><\/td>\n<td style=\"width: 239.484375px; text-align: center;\"><a href=\"https:\/\/stiftung-kkk-vg.de\/?page_id=2098#ZK7\">xxx<\/a><\/td>\n<\/tr>\n<tr>\n<td style=\"width: 357.046875px;\"><span style=\"color: #808080;\">Typographie u. Design<\/span><\/td>\n<td style=\"width: 184.078125px; text-align: center;\"><a href=\"https:\/\/stiftung-kkk-vg.de\/?page_id=1616#Oeuvre8\">xxx<\/a><\/td>\n<td style=\"width: 174.421875px; text-align: center;\"><a href=\"https:\/\/stiftung-kkk-vg.de\/?page_id=1751#DeSt8\">xxx<\/a><\/td>\n<td style=\"width: 239.484375px; text-align: center;\"><a href=\"https:\/\/stiftung-kkk-vg.de\/?page_id=2098#ZK8\">xxx<\/a><\/td>\n<\/tr>\n<tr>\n<td style=\"width: 357.046875px;\"><span style=\"color: #808080;\">Musik u. Tanz<\/span><\/td>\n<td style=\"width: 184.078125px; text-align: center;\"><a href=\"https:\/\/stiftung-kkk-vg.de\/?page_id=1616#Oeuvre9\">xxx<\/a><\/td>\n<td style=\"width: 174.421875px; text-align: center;\"><a href=\"https:\/\/stiftung-kkk-vg.de\/?page_id=1751#DeSt9\">xxx<\/a><\/td>\n<td style=\"width: 239.484375px; text-align: center;\"><a href=\"https:\/\/stiftung-kkk-vg.de\/?page_id=2098#ZK9\">xxx<\/a><\/td>\n<\/tr>\n<\/tbody>\n<\/table>\n<p>[\/et_pb_text][et_pb_text _builder_version=&#8220;3.26.6&#8243; min_height=&#8220;299px&#8220; custom_margin=&#8220;||0px|||&#8220; custom_padding=&#8220;30px|||||&#8220;]<\/p>\n<p style=\"padding-left: 30px;\"><span style=\"font-size: medium; color: #07a1e2;\"><strong><span class=\"tm6\">Vertikale Gliederung<\/span><\/strong><\/span><\/p>\n<p style=\"padding-left: 30px;\"><span style=\"font-size: medium; color: #07a1e2;\"><em><span class=\"tm6\">VG hat seine Arbeiten im engen Kontakt zu zeitgleichen Aktivit\u00e4ten anderer K\u00fcnstler der neuen Kunstbewegung geschaffen. Um die direkten und indirekten Einfl\u00fcsse erkennbar zu machen, wurden neben VGs Werkdarstellung bisher zwei (geplant vier) von der Kunstgeschichte als Avantgarden gekennzeichnete Bewegungen mit jeweils zwei besonders relevanten Vertretern dargestellt.<\/span><\/em><\/span><\/p>\n<p style=\"padding-left: 30px;\"><span class=\"tm6\" style=\"font-size: medium; color: #07a1e2;\"><\/span><\/p>\n<p class=\"Listenabsatz tm6\" style=\"padding-left: 30px;\"><span style=\"font-size: medium; color: #07a1e2;\"><strong>Horizontale Gliederung<\/strong><\/span><\/p>\n<p class=\"Listenabsatz tm6\" style=\"padding-left: 30px;\"><span style=\"font-size: medium; color: #07a1e2;\"><em><span class=\"tm6\">Durch eine gleiche Gliederung der vertikalen Darstellungen der Avantgarden ist aus horizontaler Perspektive auch ein direkter Vergleich der relevanten K\u00fcnstler mit VG und dessen Oeuvre m\u00f6glich.<\/span><\/em><\/span><\/p>\n<p style=\"padding-left: 30px;\"><span style=\"font-size: medium; color: #07a1e2;\"><strong><\/strong><\/span><\/p>\n<p style=\"padding-left: 30px;\"><span style=\"font-size: medium; color: #07a1e2;\"><strong>Lesehinweis<\/strong><\/span><\/p>\n<p style=\"padding-left: 30px;\"><span style=\"font-size: medium; color: #07a1e2;\"><em><span class=\"tm6\">F\u00fcr den <\/span><span class=\"tm7\">schnellen \u00dcberblick<\/span><span class=\"tm6\"> bieten neben dieser Einf\u00fchrung <\/span><span class=\"tm7\">konkret-konstruktive Kunst \u2013 was ist<\/span><span class=\"tm6\"> <\/span><span class=\"tm7\">das?<\/span><span class=\"tm6\"> die jeweiligen <\/span><span class=\"tm7\">Steckbriefe <\/span><span class=\"tm6\">der vertikalen Darstellungen einen ersten \u00dcberblick.\u00a0 <\/span><span class=\"tm6\">F\u00fcr den <\/span><span class=\"tm8\">vertiefenden Blick<\/span><span class=\"tm6\"> auf die Details der neuen Kunstbewegung eignen sich die einzelnen \u2013 <\/span><span class=\"tm8\">auch vergleichend zu lesenden<\/span><span class=\"tm6\"> \u2013 Kapitel.<\/span>\u00a0<\/em><\/span><\/p>\n<p class=\"Listenabsatz tm6\" style=\"padding-left: 30px;\"><span style=\"font-size: medium; color: #07a1e2;\"><em><span class=\"tm6\">Die parallele Website <a href=\"https:\/\/comlot.de\/demo\/cms\/wordpress\/vg-initiative\/\" style=\"color: #00ccff;\">vg-initiative.de<\/a> zeigt den Lebensweg Vordemberge-Gildewarts und seine Spuren in der Geburtsstadt.<\/span><\/em><\/span><\/p>\n<p class=\"Listenabsatz tm6\" style=\"padding-left: 30px;\"><span class=\"tm6\" style=\"font-size: medium;\"><\/span><\/p>\n<p class=\"Listenabsatz tm6\" style=\"padding-left: 30px;\"><span class=\"tm6\" style=\"font-size: medium;\"><\/span><\/p>\n<p>[\/et_pb_text][et_pb_text _builder_version=&#8220;3.26.6&#8243; text_line_height=&#8220;1.2em&#8220; width=&#8220;100%&#8220; custom_padding=&#8220;||0px|||&#8220;]<\/p>\n<p class=\"Normal tm5\" style=\"padding-left: 30px;\"><span style=\"font-size: medium;\"><em><span style=\"color: #07a1e2;\"><strong><span class=\"tm6\">\u00dcbersichts-Literatur (Auswahl)<\/span><\/strong><\/span><\/em><\/span><\/p>\n<p class=\"Normal tm5\" style=\"padding-left: 30px;\"><span style=\"font-size: medium;\"><em><span class=\"tm7\" style=\"color: #07a1e2;\">Farner, K. (1970): Der Aufstand der Abstrakt-konkreten. Neuwied\/ Berlin.<\/span><\/em><\/span><\/p>\n<p class=\"Normal tm5\" style=\"padding-left: 30px;\"><span style=\"font-size: medium;\"><em><span style=\"color: #07a1e2;\"><span class=\"tm7\">Gesellschaft f\u00fcr Kunst und Gestaltung Bonn (1987): Eckpunkte, Positionen konkret-konstruktiver\u00a0<\/span><span class=\"tm7\">Kunst heute. Bonn.<\/span><\/span><\/em><\/span><\/p>\n<p class=\"Normal tm5\" style=\"padding-left: 30px;\"><span style=\"font-size: medium;\"><em><span style=\"color: #07a1e2;\"><span class=\"tm7\">Hoffmann, T. (2012) Die Idee Konkret. Konkrete Kunst als ideengeschichtliche Entwicklung.\u00a0<\/span><span class=\"tm7\">Ingolstadt.<\/span><\/span><\/em><\/span><\/p>\n<p class=\"Normal tm5\" style=\"padding-left: 30px;\"><span style=\"font-size: medium;\"><em><span style=\"color: #07a1e2;\"><span class=\"tm7\">Institut f\u00fcr Moderne Kunst N\u00fcrnberg (1969): Konstruktive Kunst. Elemente und Prinzipien.<\/span>\u00a0Katalog 2 Bd. Bienale 1969. N\u00fcrnberg.<\/span><\/em><\/span><\/p>\n<p class=\"Normal tm5\" style=\"padding-left: 30px;\"><span style=\"font-size: medium;\"><em><span style=\"color: #07a1e2;\"><span class=\"tm7\">Riese, H. P. (2008): Kunst: Konstruktiv\/Konkret. Gesellschaftliche Utopien der Moderne.<\/span><span class=\"tm7\">\u00a0M\u00fcnchen, Berlin.<\/span><\/span><\/em><\/span><\/p>\n<p class=\"Normal tm5\" style=\"padding-left: 30px;\"><span style=\"font-size: medium;\"><em><span style=\"color: #07a1e2;\"><span class=\"tm7\">Rotzler, W. (1977): Konstruktive Konzepte. Eine Geschichte der konstruktiven Kunst vom<\/span>\u00a0Kubismus bis heute. Z\u00fcrich (3. Auflage 1995).<\/span><\/em><\/span><\/p>\n<p class=\"Normal tm5\" style=\"padding-left: 30px;\"><span style=\"font-size: medium;\"><em><span style=\"color: #07a1e2;\"><span class=\"tm7\">Schr\u00f6der, B. (2008): Konkrete Kunst. Mathematisches Kalk\u00fcl und programmiertes Chaos.<\/span><span class=\"tm7\">\u00a0Berlin.<\/span><\/span><\/em><\/span><\/p>\n<p class=\"Normal tm5\" style=\"padding-left: 30px;\"><span style=\"font-size: medium;\"><em><span class=\"tm7\" style=\"color: #07a1e2;\">Volkwein, P. (Hrsg.) (1991): Museum f\u00fcr konkrete Kunst Ingolstadt. Braunschweig.<\/span><\/em><\/span><\/p>\n<p class=\"Normal tm5\" style=\"padding-left: 30px;\"><span style=\"font-size: medium;\"><em><span class=\"tm7\" style=\"color: #07a1e2;\">Weinberg-Staber, M. (Hrsg.) (2001): Konkrete Kunst. Manifeste und K\u00fcnstlertexte. Z\u00fcrich.<\/span><\/em><\/span><\/p>\n<p>[\/et_pb_text][\/et_pb_column][\/et_pb_row][\/et_pb_section][et_pb_section fb_built=&#8220;1&#8243; _builder_version=&#8220;3.26.6&#8243;][\/et_pb_section]<\/p>\n","protected":false},"excerpt":{"rendered":"<p>Theo van Doesburg Simultane Gegenkomposition 1929Express-\u00dcbersicht \u00a0Neben Informationen zur \u201eVG-Stiftung\u201c gibt es hier f\u00fcr den schnellen Leser eine erste Information zur konkret-konstruktiven Kunst sowie zur Gliederung von VG\u2019s Oeuvre im Kontext der Avantgarden seiner Zeit \u00fcber eine Pr\u00e4sentations-Matrix. Angelegt als dokumentarisches System informiert sie aus vertikaler Sicht \u00fcber relevante Bez\u00fcge zu zeitgen\u00f6ssischen Avantgarden und aus [&hellip;]<\/p>\n","protected":false},"author":4,"featured_media":0,"parent":0,"menu_order":0,"comment_status":"closed","ping_status":"closed","template":"","meta":{"_et_pb_use_builder":"on","_et_pb_old_content":"","_et_gb_content_width":"","footnotes":""},"class_list":["post-2436","page","type-page","status-publish","hentry"],"_links":{"self":[{"href":"https:\/\/stiftung-kkk-vg.de\/index.php?rest_route=\/wp\/v2\/pages\/2436","targetHints":{"allow":["GET"]}}],"collection":[{"href":"https:\/\/stiftung-kkk-vg.de\/index.php?rest_route=\/wp\/v2\/pages"}],"about":[{"href":"https:\/\/stiftung-kkk-vg.de\/index.php?rest_route=\/wp\/v2\/types\/page"}],"author":[{"embeddable":true,"href":"https:\/\/stiftung-kkk-vg.de\/index.php?rest_route=\/wp\/v2\/users\/4"}],"replies":[{"embeddable":true,"href":"https:\/\/stiftung-kkk-vg.de\/index.php?rest_route=%2Fwp%2Fv2%2Fcomments&post=2436"}],"version-history":[{"count":54,"href":"https:\/\/stiftung-kkk-vg.de\/index.php?rest_route=\/wp\/v2\/pages\/2436\/revisions"}],"predecessor-version":[{"id":3478,"href":"https:\/\/stiftung-kkk-vg.de\/index.php?rest_route=\/wp\/v2\/pages\/2436\/revisions\/3478"}],"wp:attachment":[{"href":"https:\/\/stiftung-kkk-vg.de\/index.php?rest_route=%2Fwp%2Fv2%2Fmedia&parent=2436"}],"curies":[{"name":"wp","href":"https:\/\/api.w.org\/{rel}","templated":true}]}}