{"id":3593,"date":"2024-01-02T16:22:59","date_gmt":"2024-01-02T15:22:59","guid":{"rendered":"https:\/\/stiftung-kkk-vg.de\/?page_id=3593"},"modified":"2024-01-02T16:22:59","modified_gmt":"2024-01-02T15:22:59","slug":"gomringer-mit-dem-geist-des-konkreten","status":"publish","type":"page","link":"https:\/\/stiftung-kkk-vg.de\/?page_id=3593","title":{"rendered":"Gomringer &#8211; Mit dem Geist des Konkreten"},"content":{"rendered":"\n[et_pb_section fb_built=&#8220;1&#8243; _builder_version=&#8220;4.16&#8243; background_color=&#8220;#07a1e2&#8243; custom_margin=&#8220;0px||0px||false|false&#8220; custom_padding=&#8220;0px||0px||false|false&#8220; global_colors_info=&#8220;{}&#8220; theme_builder_area=&#8220;post_content&#8220;][et_pb_row column_structure=&#8220;1_2,1_2&#8243; _builder_version=&#8220;4.16&#8243; width=&#8220;100%&#8220; max_width=&#8220;100%&#8220; custom_margin=&#8220;0px||0px||false|false&#8220; custom_padding=&#8220;0px||0px||false|false&#8220; global_colors_info=&#8220;{}&#8220; theme_builder_area=&#8220;post_content&#8220;][et_pb_column type=&#8220;1_2&#8243; _builder_version=&#8220;4.16&#8243; global_colors_info=&#8220;{}&#8220; theme_builder_area=&#8220;post_content&#8220;][et_pb_image src=&#8220;https:\/\/stiftung-kkk-vg.de\/wp-content\/uploads\/2020\/08\/4-doesburg-1929-simultane-gegenkomposition.jpg&#8220; _builder_version=&#8220;4.16&#8243; width_tablet=&#8220;100%&#8220; width_phone=&#8220;&#8220; width_last_edited=&#8220;on|desktop&#8220; module_alignment=&#8220;left&#8220; height=&#8220;768px&#8220; height_tablet=&#8220;&#8220; height_phone=&#8220;&#8220; height_last_edited=&#8220;on|desktop&#8220; custom_margin=&#8220;0px|0px|0px||false|false&#8220; custom_padding=&#8220;0px|0px|0px||false|false&#8220; global_colors_info=&#8220;{}&#8220; theme_builder_area=&#8220;post_content&#8220;][\/et_pb_image][et_pb_text _builder_version=&#8220;4.16&#8243; text_font_size=&#8220;12px&#8220; global_colors_info=&#8220;{}&#8220; theme_builder_area=&#8220;post_content&#8220;]<p><span style=\"color: #ffffff;\">Theo van Doesburg Simultane Gegenkomposition 1929<\/span><\/p>[\/et_pb_text][\/et_pb_column][et_pb_column type=&#8220;1_2&#8243; _builder_version=&#8220;4.16&#8243; custom_padding=&#8220;55px|20px|20px|20px|false|false&#8220; global_colors_info=&#8220;{}&#8220; theme_builder_area=&#8220;post_content&#8220;][et_pb_text _builder_version=&#8220;4.19.4&#8243; width=&#8220;100%&#8220; module_alignment=&#8220;left&#8220; custom_margin=&#8220;0px||30px||false|false&#8220; custom_padding=&#8220;|2px||||&#8220; global_colors_info=&#8220;{}&#8220; theme_builder_area=&#8220;post_content&#8220;]<h1><strong><span style=\"color: #ffffff;\">Publikationen<\/span><\/strong><\/h1>\n<h1><strong><span style=\"color: #ffffff;\">\u00a0<\/span><\/strong><\/h1>[\/et_pb_text][et_pb_text _builder_version=&#8220;4.19.4&#8243; text_line_height=&#8220;1.5em&#8220; width=&#8220;100%&#8220; module_alignment=&#8220;left&#8220; custom_margin=&#8220;0px|161px|||false|false&#8220; custom_padding=&#8220;|2px||||&#8220; global_colors_info=&#8220;{}&#8220; theme_builder_area=&#8220;post_content&#8220;]<p><span style=\"color: #ffffff;\"><span style=\"caret-color: #ffffff;\">Hier finden Sie die Publikationen der Stiftung KKK-VG<\/span><\/span><\/p>[\/et_pb_text][\/et_pb_column][\/et_pb_row][\/et_pb_section][et_pb_section fb_built=&#8220;1&#8243; _builder_version=&#8220;4.16&#8243; min_height=&#8220;472px&#8220; custom_padding=&#8220;55px||0px|||&#8220; global_colors_info=&#8220;{}&#8220; theme_builder_area=&#8220;post_content&#8220;][et_pb_row _builder_version=&#8220;4.16&#8243; width=&#8220;100%&#8220; custom_margin=&#8220;|auto||auto|false|false&#8220; custom_padding=&#8220;4px|30px|0px|30px|false|false&#8220; global_colors_info=&#8220;{}&#8220; theme_builder_area=&#8220;post_content&#8220;][et_pb_column type=&#8220;4_4&#8243; _builder_version=&#8220;4.16&#8243; global_colors_info=&#8220;{}&#8220; theme_builder_area=&#8220;post_content&#8220;][et_pb_text _builder_version=&#8220;4.19.4&#8243; _module_preset=&#8220;default&#8220; global_colors_info=&#8220;{}&#8220; theme_builder_area=&#8220;post_content&#8220;]<p>&nbsp;<\/p>\n<h1><strong>Mit dem Geist des Konkreten \u2013 <\/strong><\/h1>\n<h1><strong>Eugen Gomringer und Friedrich Vordemberge-Gildewart<\/strong><\/h1>\n<p><strong><\/strong><\/p>\n<p>Ein Dokumentarfilm \u00fcber den Schriftsteller Eugen Gomringer und den Maler Friedrich Vordemberge-Gildewart von Ralf Goertz und Stefan L\u00fcddemann.<span class=\"Apple-converted-space\">\u00a0<\/span><\/p>\n<p>Eugen Gomringer und Friedrich Vordemberge.Gildewart &#8211; zwei Leuchtt\u00fcrme der konkreten Kunst. Gomringer im Bereich der konkreten Poesie und Vordemberge-Gildewart im Bereich der konkreten Malerei.<span class=\"Apple-converted-space\">\u00a0<\/span><\/p>\n<p>Kennengelernt haben sich die beiden K\u00fcnstler Mitte der 1950 Jahre an der Hochschule f\u00fcr Gestaltung in Ulm, in der Gomringer als Sekret\u00e4r und der Osnabr\u00fccker Vordemberge-Gildewart als Lehrender t\u00e4tig waren.<span class=\"Apple-converted-space\">\u00a0<\/span><\/p>\n<p>\u00dcber diese Zeit der gemeinsamen Arbeit berichtet Gomringer als einer der letzten lebenden Zeitzeugen von Friedrich Vordemberge-Gildewart. Dar\u00fcber hinaus stellt Gomringer in dem Film wichtige Meilensteine seiner Arbeit vor und l\u00e4sst so konkrete Poesie verstehbar und lebendig werden.<span class=\"Apple-converted-space\">\u00a0<\/span><\/p>\n<p>Der Film wurde von der Stiftung Kunst. Konkret. Konstruktiv. \u2013 Vordemberge-Gildewart in Auftrag gegeben und durch die Sievert-Stiftung f\u00fcr Wissenschaft und Kunst gef\u00f6rdert.<span class=\"Apple-converted-space\">\u00a0<\/span><\/p>\n<p>Er kann zum Preis von 15 Euro plus Versandkosten bei \u201emartini 50\/ forum f\u00fcr architektur und design, Martinistr. 50, 49078 Osnabr\u00fcck\u201c bestellt werden.<span class=\"Apple-converted-space\">\u00a0<\/span><\/p>[\/et_pb_text][\/et_pb_column][\/et_pb_row][\/et_pb_section][et_pb_section fb_built=&#8220;1&#8243; _builder_version=&#8220;4.16&#8243; custom_padding=&#8220;0px||0px|||&#8220; global_colors_info=&#8220;{}&#8220; theme_builder_area=&#8220;post_content&#8220;][\/et_pb_section][et_pb_section fb_built=&#8220;1&#8243; _builder_version=&#8220;4.19.4&#8243; _module_preset=&#8220;default&#8220; global_colors_info=&#8220;{}&#8220; theme_builder_area=&#8220;post_content&#8220;][et_pb_row _builder_version=&#8220;4.19.4&#8243; _module_preset=&#8220;default&#8220; global_colors_info=&#8220;{}&#8220; theme_builder_area=&#8220;post_content&#8220;][et_pb_column type=&#8220;4_4&#8243; _builder_version=&#8220;4.19.4&#8243; _module_preset=&#8220;default&#8220; global_colors_info=&#8220;{}&#8220; theme_builder_area=&#8220;post_content&#8220;][et_pb_image src=&#8220;https:\/\/stiftung-kkk-vg.de\/wp-content\/uploads\/2023\/10\/20230821_182921-scaled.jpg&#8220; title_text=&#8220;20230821_182921&#8243; _builder_version=&#8220;4.19.4&#8243; _module_preset=&#8220;default&#8220; global_colors_info=&#8220;{}&#8220; theme_builder_area=&#8220;post_content&#8220;][\/et_pb_image][\/et_pb_column][\/et_pb_row][\/et_pb_section][et_pb_section fb_built=&#8220;1&#8243; _builder_version=&#8220;4.16&#8243; global_colors_info=&#8220;{}&#8220; theme_builder_area=&#8220;post_content&#8220;][\/et_pb_section]\n","protected":false},"excerpt":{"rendered":"<p>Theo van Doesburg Simultane Gegenkomposition 1929Publikationen \u00a0Hier finden Sie die Publikationen der Stiftung KKK-VG&nbsp; Mit dem Geist des Konkreten \u2013 Eugen Gomringer und Friedrich Vordemberge-Gildewart Ein Dokumentarfilm \u00fcber den Schriftsteller Eugen Gomringer und den Maler Friedrich Vordemberge-Gildewart von Ralf Goertz und Stefan L\u00fcddemann.\u00a0 Eugen Gomringer und Friedrich Vordemberge.Gildewart &#8211; zwei Leuchtt\u00fcrme der konkreten Kunst. Gomringer [&hellip;]<\/p>\n","protected":false},"author":1,"featured_media":0,"parent":0,"menu_order":0,"comment_status":"closed","ping_status":"closed","template":"","meta":{"_et_pb_use_builder":"on","_et_pb_old_content":"","_et_gb_content_width":"","footnotes":""},"class_list":["post-3593","page","type-page","status-publish","hentry"],"_links":{"self":[{"href":"https:\/\/stiftung-kkk-vg.de\/index.php?rest_route=\/wp\/v2\/pages\/3593","targetHints":{"allow":["GET"]}}],"collection":[{"href":"https:\/\/stiftung-kkk-vg.de\/index.php?rest_route=\/wp\/v2\/pages"}],"about":[{"href":"https:\/\/stiftung-kkk-vg.de\/index.php?rest_route=\/wp\/v2\/types\/page"}],"author":[{"embeddable":true,"href":"https:\/\/stiftung-kkk-vg.de\/index.php?rest_route=\/wp\/v2\/users\/1"}],"replies":[{"embeddable":true,"href":"https:\/\/stiftung-kkk-vg.de\/index.php?rest_route=%2Fwp%2Fv2%2Fcomments&post=3593"}],"version-history":[{"count":3,"href":"https:\/\/stiftung-kkk-vg.de\/index.php?rest_route=\/wp\/v2\/pages\/3593\/revisions"}],"predecessor-version":[{"id":3596,"href":"https:\/\/stiftung-kkk-vg.de\/index.php?rest_route=\/wp\/v2\/pages\/3593\/revisions\/3596"}],"wp:attachment":[{"href":"https:\/\/stiftung-kkk-vg.de\/index.php?rest_route=%2Fwp%2Fv2%2Fmedia&parent=3593"}],"curies":[{"name":"wp","href":"https:\/\/api.w.org\/{rel}","templated":true}]}}